{"id":23,"date":"2025-12-08T13:34:33","date_gmt":"2025-12-08T13:34:33","guid":{"rendered":"https:\/\/wesiho.ch\/?page_id=23"},"modified":"2025-12-10T13:47:11","modified_gmt":"2025-12-10T13:47:11","slug":"konditionen-fuer-it-hilfe","status":"publish","type":"page","link":"https:\/\/wesiho.ch\/index.php\/konditionen-fuer-it-hilfe\/","title":{"rendered":"Konditionen"},"content":{"rendered":"\n<div class=\"wp-block-group\"><div class=\"wp-block-group__inner-container is-layout-constrained wp-block-group-is-layout-constrained\">\n<p>Der erste IT-Hilfe-Einsatz (max. 2 Stunden) vor Ort oder bei mir zuhause ist f\u00fcr die Bewohner von Eglisau kostenlos.&nbsp;F\u00fcr anschliessende Eins\u00e4tze, bzw. f\u00fcr Bewohner ausserhalb Eglisau,&nbsp;&nbsp;verrechne ich nach wie vor Fr. 40.- pro Stunde. <\/p>\n\n\n\n<p>Telefonische Unterst\u00fctzung sowie Online-Support \u00fcber AnyDesk (Festnetznummer 043 422 58 58) wird ab der zehnten Minute mit Fr. 0.50 pro Minute (entspricht Fr. 30.- pro Stunde) verrechnet. Am Ende des jeweiligen Gespr\u00e4chs maile ich die entsprechenden Informationen mit Dauer und Zahlungsm\u00f6glichkeiten.<\/p>\n\n\n\n<p>Von diesen Einnahmen spende ich einen Teil an den Begegnungsort f\u00fcr Mensch und Tier in H\u00fcntwangen, den <a href=\"https:\/\/www.tiermensch.ch\">Lebenshof Tiermensch.<\/a><\/p>\n\n\n\n<hr class=\"wp-block-separator has-text-color has-dark-gray-color has-alpha-channel-opacity has-dark-gray-background-color has-background is-style-wide\"\/>\n\n\n\n<h3 class=\"wp-block-heading\">Zahlungen<\/h3>\n\n\n\n<p>Die Zahlung muss unmittelbar nach dem Einsatz in bar oder per TWINT erfolgen. In Ausnahmef\u00e4llen kann ich eine QR-Rechnung erstellen, die am Postschalter einbezahlt werden kann. Daf\u00fcr verrechne ich Fr. 5.- zus\u00e4tzlich. Diese Rechnung muss dann innerhalb 10 Tagen beglichen werden.<\/p>\n\n\n\n<hr class=\"wp-block-separator has-text-color has-dark-gray-color has-alpha-channel-opacity has-dark-gray-background-color has-background is-style-wide\"\/>\n\n\n\n<h3 class=\"wp-block-heading\">Hardware Support, Haftung<\/h3>\n\n\n\n<p>F\u00fcr Hardware Support ist die Entsch\u00e4digung identisch. Material und Lizenzen verrechne ich grunds\u00e4tzlich zum Einkaufspreis. Ich \u00fcbernehme keinen Haftung bzw. Garantie f\u00fcr Hardware Eins\u00e4tze. Ein komplettes Backup des PC&#8217;s, vor meinem Eingriff, ist Voraussetzung f\u00fcr diesen Support.<\/p>\n<\/div><\/div>\n\n\n\n<p><\/p>\n","protected":false},"excerpt":{"rendered":"<p>Der erste IT-Hilfe-Einsatz (max. 2 Stunden) vor Ort oder bei mir zuhause ist f\u00fcr die Bewohner von Eglisau kostenlos.&nbsp;F\u00fcr anschliessende Eins\u00e4tze, bzw. f\u00fcr Bewohner ausserhalb Eglisau,&nbsp;&nbsp;verrechne ich nach wie vor Fr. 40.- pro Stunde. Telefonische Unterst\u00fctzung sowie Online-Support \u00fcber AnyDesk (Festnetznummer 043 422 58 58) wird ab der zehnten Minute mit Fr. 0.50 pro Minute &hellip; <a href=\"https:\/\/wesiho.ch\/index.php\/konditionen-fuer-it-hilfe\/\" class=\"more-link\"><span class=\"screen-reader-text\">&#8220;Konditionen&#8221; <\/span>weiterlesen<\/a><\/p>\n","protected":false},"author":1,"featured_media":0,"parent":0,"menu_order":0,"comment_status":"closed","ping_status":"closed","template":"","meta":{"footnotes":""},"class_list":["post-23","page","type-page","status-publish","hentry"],"_links":{"self":[{"href":"https:\/\/wesiho.ch\/index.php\/wp-json\/wp\/v2\/pages\/23","targetHints":{"allow":["GET"]}}],"collection":[{"href":"https:\/\/wesiho.ch\/index.php\/wp-json\/wp\/v2\/pages"}],"about":[{"href":"https:\/\/wesiho.ch\/index.php\/wp-json\/wp\/v2\/types\/page"}],"author":[{"embeddable":true,"href":"https:\/\/wesiho.ch\/index.php\/wp-json\/wp\/v2\/users\/1"}],"replies":[{"embeddable":true,"href":"https:\/\/wesiho.ch\/index.php\/wp-json\/wp\/v2\/comments?post=23"}],"version-history":[{"count":6,"href":"https:\/\/wesiho.ch\/index.php\/wp-json\/wp\/v2\/pages\/23\/revisions"}],"predecessor-version":[{"id":148,"href":"https:\/\/wesiho.ch\/index.php\/wp-json\/wp\/v2\/pages\/23\/revisions\/148"}],"wp:attachment":[{"href":"https:\/\/wesiho.ch\/index.php\/wp-json\/wp\/v2\/media?parent=23"}],"curies":[{"name":"wp","href":"https:\/\/api.w.org\/{rel}","templated":true}]}}